{"id":4789,"date":"2020-09-18T10:34:50","date_gmt":"2020-09-18T09:34:50","guid":{"rendered":"https:\/\/smoov-newprelive.smoov.com\/?page_id=4789"},"modified":"2022-03-16T14:40:56","modified_gmt":"2022-03-16T13:40:56","slug":"smoov-one","status":"publish","type":"page","link":"https:\/\/smoov.com\/es-es\/smoov-one\/","title":{"rendered":"SMOOV one"},"content":{"rendered":"","protected":false},"excerpt":{"rendered":"","protected":false},"author":1,"featured_media":0,"parent":0,"menu_order":0,"comment_status":"closed","ping_status":"closed","template":"modules.php","meta":{"_acf_changed":false,"inline_featured_image":false,"footnotes":""},"class_list":["post-4789","page","type-page","status-publish","hentry"],"acf":[],"yoast_head":"<!-- This site is optimized with the Yoast SEO plugin v24.4 - https:\/\/yoast.com\/wordpress\/plugins\/seo\/ -->\n<title>Convierte tu silla de ruedas en electrica con SMOOV one \ud83d\udc69\ud83c\udffb\u200d\ud83e\uddbc<\/title>\n<meta name=\"description\" content=\"Convierte en 2 pasos tu silla con este motor el\u00e9ctrico, gana movilidad y comodidad en tus desplazamientos. R\u00e1pido, \u00e1gil y sin mantenimiento. Es SMOOV One \u2705\" \/>\n<meta name=\"robots\" content=\"index, follow, max-snippet:-1, max-image-preview:large, max-video-preview:-1\" \/>\n<link rel=\"canonical\" href=\"https:\/\/smoov.com\/es-es\/smoov-one\/\" \/>\n<meta property=\"og:locale\" content=\"es_ES\" \/>\n<meta property=\"og:type\" content=\"article\" \/>\n<meta property=\"og:title\" content=\"Convierte tu silla de ruedas en electrica con SMOOV one \ud83d\udc69\ud83c\udffb\u200d\ud83e\uddbc\" \/>\n<meta property=\"og:description\" content=\"Convierte en 2 pasos tu silla con este motor el\u00e9ctrico, gana movilidad y comodidad en tus desplazamientos. R\u00e1pido, \u00e1gil y sin mantenimiento. Es SMOOV One \u2705\" \/>\n<meta property=\"og:url\" content=\"https:\/\/smoov.com\/es-es\/smoov-one\/\" \/>\n<meta property=\"og:site_name\" content=\"SMOOV\" \/>\n<meta property=\"article:modified_time\" content=\"2022-03-16T13:40:56+00:00\" \/>\n<meta name=\"twitter:card\" content=\"summary_large_image\" \/>\n<script type=\"application\/ld+json\" class=\"yoast-schema-graph\">{\"@context\":\"https:\/\/schema.org\",\"@graph\":[{\"@type\":\"WebPage\",\"@id\":\"https:\/\/smoov.com\/es-es\/smoov-one\/\",\"url\":\"https:\/\/smoov.com\/es-es\/smoov-one\/\",\"name\":\"Convierte tu silla de ruedas en electrica con SMOOV one \ud83d\udc69\ud83c\udffb\u200d\ud83e\uddbc\",\"isPartOf\":{\"@id\":\"https:\/\/smoov.com\/es-es\/#website\"},\"datePublished\":\"2020-09-18T09:34:50+00:00\",\"dateModified\":\"2022-03-16T13:40:56+00:00\",\"description\":\"Convierte en 2 pasos tu silla con este motor el\u00e9ctrico, gana movilidad y comodidad en tus desplazamientos. R\u00e1pido, \u00e1gil y sin mantenimiento. Es SMOOV One \u2705\",\"breadcrumb\":{\"@id\":\"https:\/\/smoov.com\/es-es\/smoov-one\/#breadcrumb\"},\"inLanguage\":\"es-ES-c\",\"potentialAction\":[{\"@type\":\"ReadAction\",\"target\":[\"https:\/\/smoov.com\/es-es\/smoov-one\/\"]}]},{\"@type\":\"BreadcrumbList\",\"@id\":\"https:\/\/smoov.com\/es-es\/smoov-one\/#breadcrumb\",\"itemListElement\":[{\"@type\":\"ListItem\",\"position\":1,\"name\":\"Home\",\"item\":\"https:\/\/smoov.com\/es-es\/\"},{\"@type\":\"ListItem\",\"position\":2,\"name\":\"SMOOV one\"}]},{\"@type\":\"WebSite\",\"@id\":\"https:\/\/smoov.com\/es-es\/#website\",\"url\":\"https:\/\/smoov.com\/es-es\/\",\"name\":\"SMOOV\",\"description\":\"SMOOV\",\"potentialAction\":[{\"@type\":\"SearchAction\",\"target\":{\"@type\":\"EntryPoint\",\"urlTemplate\":\"https:\/\/smoov.com\/es-es\/?s={search_term_string}\"},\"query-input\":{\"@type\":\"PropertyValueSpecification\",\"valueRequired\":true,\"valueName\":\"search_term_string\"}}],\"inLanguage\":\"es-ES-c\"}]}<\/script>\n<!-- \/ Yoast SEO plugin. -->","yoast_head_json":{"title":"Convierte tu silla de ruedas en electrica con SMOOV one \ud83d\udc69\ud83c\udffb\u200d\ud83e\uddbc","description":"Convierte en 2 pasos tu silla con este motor el\u00e9ctrico, gana movilidad y comodidad en tus desplazamientos. R\u00e1pido, \u00e1gil y sin mantenimiento. Es SMOOV One \u2705","robots":{"index":"index","follow":"follow","max-snippet":"max-snippet:-1","max-image-preview":"max-image-preview:large","max-video-preview":"max-video-preview:-1"},"canonical":"https:\/\/smoov.com\/es-es\/smoov-one\/","og_locale":"es_ES","og_type":"article","og_title":"Convierte tu silla de ruedas en electrica con SMOOV one \ud83d\udc69\ud83c\udffb\u200d\ud83e\uddbc","og_description":"Convierte en 2 pasos tu silla con este motor el\u00e9ctrico, gana movilidad y comodidad en tus desplazamientos. R\u00e1pido, \u00e1gil y sin mantenimiento. Es SMOOV One \u2705","og_url":"https:\/\/smoov.com\/es-es\/smoov-one\/","og_site_name":"SMOOV","article_modified_time":"2022-03-16T13:40:56+00:00","twitter_card":"summary_large_image","schema":{"@context":"https:\/\/schema.org","@graph":[{"@type":"WebPage","@id":"https:\/\/smoov.com\/es-es\/smoov-one\/","url":"https:\/\/smoov.com\/es-es\/smoov-one\/","name":"Convierte tu silla de ruedas en electrica con SMOOV one \ud83d\udc69\ud83c\udffb\u200d\ud83e\uddbc","isPartOf":{"@id":"https:\/\/smoov.com\/es-es\/#website"},"datePublished":"2020-09-18T09:34:50+00:00","dateModified":"2022-03-16T13:40:56+00:00","description":"Convierte en 2 pasos tu silla con este motor el\u00e9ctrico, gana movilidad y comodidad en tus desplazamientos. R\u00e1pido, \u00e1gil y sin mantenimiento. Es SMOOV One \u2705","breadcrumb":{"@id":"https:\/\/smoov.com\/es-es\/smoov-one\/#breadcrumb"},"inLanguage":"es-ES-c","potentialAction":[{"@type":"ReadAction","target":["https:\/\/smoov.com\/es-es\/smoov-one\/"]}]},{"@type":"BreadcrumbList","@id":"https:\/\/smoov.com\/es-es\/smoov-one\/#breadcrumb","itemListElement":[{"@type":"ListItem","position":1,"name":"Home","item":"https:\/\/smoov.com\/es-es\/"},{"@type":"ListItem","position":2,"name":"SMOOV one"}]},{"@type":"WebSite","@id":"https:\/\/smoov.com\/es-es\/#website","url":"https:\/\/smoov.com\/es-es\/","name":"SMOOV","description":"SMOOV","potentialAction":[{"@type":"SearchAction","target":{"@type":"EntryPoint","urlTemplate":"https:\/\/smoov.com\/es-es\/?s={search_term_string}"},"query-input":{"@type":"PropertyValueSpecification","valueRequired":true,"valueName":"search_term_string"}}],"inLanguage":"es-ES-c"}]}},"_links":{"self":[{"href":"https:\/\/smoov.com\/es-es\/wp-json\/wp\/v2\/pages\/4789","targetHints":{"allow":["GET"]}}],"collection":[{"href":"https:\/\/smoov.com\/es-es\/wp-json\/wp\/v2\/pages"}],"about":[{"href":"https:\/\/smoov.com\/es-es\/wp-json\/wp\/v2\/types\/page"}],"author":[{"embeddable":true,"href":"https:\/\/smoov.com\/es-es\/wp-json\/wp\/v2\/users\/1"}],"replies":[{"embeddable":true,"href":"https:\/\/smoov.com\/es-es\/wp-json\/wp\/v2\/comments?post=4789"}],"version-history":[{"count":22,"href":"https:\/\/smoov.com\/es-es\/wp-json\/wp\/v2\/pages\/4789\/revisions"}],"predecessor-version":[{"id":8792,"href":"https:\/\/smoov.com\/es-es\/wp-json\/wp\/v2\/pages\/4789\/revisions\/8792"}],"wp:attachment":[{"href":"https:\/\/smoov.com\/es-es\/wp-json\/wp\/v2\/media?parent=4789"}],"curies":[{"name":"wp","href":"https:\/\/api.w.org\/{rel}","templated":true}]}}